{"id":873,"date":"2024-06-27T11:52:51","date_gmt":"2024-06-27T08:52:51","guid":{"rendered":"https:\/\/turizmegitim.selcuk.edu.tr\/?page_id=873"},"modified":"2025-02-14T12:06:00","modified_gmt":"2025-02-14T09:06:00","slug":"devam-eden-egitimler","status":"publish","type":"page","link":"https:\/\/turizmegitim.selcuk.edu.tr\/index.php\/devam-eden-egitimler\/","title":{"rendered":"Ba\u015fvuruya A\u00e7\u0131k E\u011fitimler"},"content":{"rendered":"<p><a href=\"https:\/\/turizmegitim.selcuk.edu.tr\/index.php\/egitim-3-icsel-dunyaya-yolculuk-spirituel-turizm-selcuk-universitesi-konya-29-eylul-02-ekim-2025\/\">E\u011fitim 3: <strong><em>\u201c\u0130\u00e7sel D\u00fcnyaya Yolculuk: Spirit\u00fcel Turizm\u201d<\/em><\/strong>, Sel\u00e7uk \u00dcniversitesi , Konya, 29 Eyl\u00fcl-02 Ekim 2025<\/a><\/p>\n\n\n<p><\/p>\n","protected":false},"excerpt":{"rendered":"<p>E\u011fitim 3: \u201c\u0130\u00e7sel D\u00fcnyaya Yolculuk: Spirit\u00fcel Turizm\u201d, Sel\u00e7uk \u00dcniversitesi , Konya, 29 Eyl\u00fcl-02 Ekim 2025<\/p>\n","protected":false},"author":2,"featured_media":0,"parent":0,"menu_order":0,"comment_status":"closed","ping_status":"closed","template":"","meta":{"footnotes":""},"class_list":["post-873","page","type-page","status-publish","hentry"],"_links":{"self":[{"href":"https:\/\/turizmegitim.selcuk.edu.tr\/index.php\/wp-json\/wp\/v2\/pages\/873","targetHints":{"allow":["GET"]}}],"collection":[{"href":"https:\/\/turizmegitim.selcuk.edu.tr\/index.php\/wp-json\/wp\/v2\/pages"}],"about":[{"href":"https:\/\/turizmegitim.selcuk.edu.tr\/index.php\/wp-json\/wp\/v2\/types\/page"}],"author":[{"embeddable":true,"href":"https:\/\/turizmegitim.selcuk.edu.tr\/index.php\/wp-json\/wp\/v2\/users\/2"}],"replies":[{"embeddable":true,"href":"https:\/\/turizmegitim.selcuk.edu.tr\/index.php\/wp-json\/wp\/v2\/comments?post=873"}],"version-history":[{"count":18,"href":"https:\/\/turizmegitim.selcuk.edu.tr\/index.php\/wp-json\/wp\/v2\/pages\/873\/revisions"}],"predecessor-version":[{"id":1163,"href":"https:\/\/turizmegitim.selcuk.edu.tr\/index.php\/wp-json\/wp\/v2\/pages\/873\/revisions\/1163"}],"wp:attachment":[{"href":"https:\/\/turizmegitim.selcuk.edu.tr\/index.php\/wp-json\/wp\/v2\/media?parent=873"}],"curies":[{"name":"wp","href":"https:\/\/api.w.org\/{rel}","templated":true}]}}