{"id":1119,"date":"2025-02-13T09:03:17","date_gmt":"2025-02-13T06:03:17","guid":{"rendered":"https:\/\/turizmegitim.selcuk.edu.tr\/?page_id=1119"},"modified":"2025-02-13T09:05:25","modified_gmt":"2025-02-13T06:05:25","slug":"tamamlanan-egitimler","status":"publish","type":"page","link":"https:\/\/turizmegitim.selcuk.edu.tr\/index.php\/tamamlanan-egitimler\/","title":{"rendered":"Tamamlanan E\u011fitimler"},"content":{"rendered":"\n<p>E\u011fitim 1:&nbsp;<strong><em>\u201cS\u00fcrd\u00fcr\u00fclebilirli\u011fin T\u00fcrk K\u00fclt\u00fcr\u00fc Kapsam\u0131nda De\u011ferlendirilmesi: Pazardan Sofraya Dokunu\u015f\u201d<\/em><\/strong>,&nbsp;Sel\u00e7uk \u00dcniversitesi Turizm Fak\u00fcltesi, Konya, 26-29 Kas\u0131m 2024<\/p>\n\n\n\n<p>E\u011fitim 2:&nbsp;<strong><em>\u201cYarat\u0131c\u0131 Turizmde K\u00fclt\u00fcrel Miras\u0131n Gen\u00e7 Ku\u015faklara Aktar\u0131lmas\u0131: El Vermek\u201d<\/em><\/strong><a href=\"https:\/\/turizmegitim.selcuk.edu.tr\/index.php\/egitim-1\/?customize_changeset_uuid=9af43bc5-3794-4806-a90f-2a20d3ed8165&amp;customize_autosaved=on&amp;customize_messenger_channel=preview-1\">,<\/a>&nbsp;Sel\u00e7uk \u00dcniversitesi Turizm Fak\u00fcltesi, Konya, 02-05 Aral\u0131k 2024<\/p>\n\n\n\n<p><\/p>\n","protected":false},"excerpt":{"rendered":"<p>E\u011fitim 1:&nbsp;\u201cS\u00fcrd\u00fcr\u00fclebilirli\u011fin T\u00fcrk K\u00fclt\u00fcr\u00fc Kapsam\u0131nda De\u011ferlendirilmesi: Pazardan Sofraya Dokunu\u015f\u201d,&nbsp;Sel\u00e7uk \u00dcniversitesi Turizm Fak\u00fcltesi, Konya, 26-29 Kas\u0131m 2024 E\u011fitim 2:&nbsp;\u201cYarat\u0131c\u0131 Turizmde K\u00fclt\u00fcrel [&hellip;]<\/p>\n","protected":false},"author":2,"featured_media":0,"parent":0,"menu_order":0,"comment_status":"closed","ping_status":"closed","template":"","meta":{"footnotes":""},"class_list":["post-1119","page","type-page","status-publish","hentry"],"_links":{"self":[{"href":"https:\/\/turizmegitim.selcuk.edu.tr\/index.php\/wp-json\/wp\/v2\/pages\/1119","targetHints":{"allow":["GET"]}}],"collection":[{"href":"https:\/\/turizmegitim.selcuk.edu.tr\/index.php\/wp-json\/wp\/v2\/pages"}],"about":[{"href":"https:\/\/turizmegitim.selcuk.edu.tr\/index.php\/wp-json\/wp\/v2\/types\/page"}],"author":[{"embeddable":true,"href":"https:\/\/turizmegitim.selcuk.edu.tr\/index.php\/wp-json\/wp\/v2\/users\/2"}],"replies":[{"embeddable":true,"href":"https:\/\/turizmegitim.selcuk.edu.tr\/index.php\/wp-json\/wp\/v2\/comments?post=1119"}],"version-history":[{"count":2,"href":"https:\/\/turizmegitim.selcuk.edu.tr\/index.php\/wp-json\/wp\/v2\/pages\/1119\/revisions"}],"predecessor-version":[{"id":1123,"href":"https:\/\/turizmegitim.selcuk.edu.tr\/index.php\/wp-json\/wp\/v2\/pages\/1119\/revisions\/1123"}],"wp:attachment":[{"href":"https:\/\/turizmegitim.selcuk.edu.tr\/index.php\/wp-json\/wp\/v2\/media?parent=1119"}],"curies":[{"name":"wp","href":"https:\/\/api.w.org\/{rel}","templated":true}]}}